{"id":114,"date":"2026-01-21T08:57:30","date_gmt":"2026-01-21T07:57:30","guid":{"rendered":"https:\/\/www.dogo-in-not.de\/?page_id=114"},"modified":"2026-04-09T00:06:25","modified_gmt":"2026-04-08T22:06:25","slug":"deutschland","status":"publish","type":"page","link":"https:\/\/www.dogo-in-not.de\/index.php\/notfaelle-rueden\/deutschland\/","title":{"rendered":"Deutschland"},"content":{"rendered":"\n<p>[D] Diego,*August 2022 R\u00fcde, nicht kastriert, Privatvermittlung<\/p>\n\n\n<p>Mischling (Dogo Argentino-Mix, zweite Rasse unbekannt)<\/p>\n\n\n<p>Alle Impfungen aktuell<\/p>\n\n\n<p>seit dem Welpenalter bei mir bzw. meiner Familie<\/p>\n\n\n<p>Diego lebt seit dem Welpenalter bei uns in der Familie. Ich wohne mit meiner Familie zusammen, inklusive meiner zwei Br\u00fcder, die mich ebenfalls im Alltag (Gassi, Training etc.) unterst\u00fctzen.<\/p>\n\n\n<p>Er ist ein sehr verspielter, neugieriger und intelligenter Hund. Er lernt schnell \u2013 wenn er m\u00f6chte \u2013 und zeigt durch seine Mimik sehr deutlich, wie er sich f\u00fchlt. Gleichzeitig ist er auch sehr stur.<\/p>\n\n\n<p>Er wirkt auf den ersten Blick oft freundlich: Wenn er Menschen oder Hunde sieht, setzt er sich hin und wirkt interessiert oder freudig. Sobald jedoch direkter Kontakt entsteht (z. B. beim Beschn\u00fcffeln), kann er innerhalb von Sekunden umschlagen und nach vorne gehen.<\/p>\n\n\n<p>Laut Trainern ist er kein aggressiver Hund, sondern sehr unsicher und reagiert in diesen Momenten mit \u00dcbersprungshandlungen. Dieses Verhalten besteht leider schon seit dem Welpenalter und konnte trotz Training nicht vollst\u00e4ndig verbessert werden.<\/p>\n\n\n<p>Besuch zu Hause ist schwierig, da er hier sehr stark reagiert.<\/p>\n\n\n<ul class=\"wp-block-list\">\n<li>Kinder: Mit vorsichtigem Umgang und unter Anleitung m\u00f6glich (Streicheln nur am R\u00fccken, nicht am Kopf, aktuell nur mit Maulkorb)<\/li>\n\n\n<li>Hunde: Kontakt grunds\u00e4tzlich gew\u00fcnscht, aber kippt schnell in Aggression (Unsicherheit). Mit H\u00fcndinnen besser als mit R\u00fcden<\/li>\n\n\n<li>Andere Tiere: Unproblematisch<\/li>\n\n\n<li>Jagdtrieb: Kein ausgepr\u00e4gter Jagdtrieb (zeigt eher Interesse und schn\u00fcffelt, z. B. bei Igeln oder F\u00fcchsen)<\/li>\n\n\n<li>Keine bekannten Krankheiten oder Einschr\u00e4nkungen<\/li>\n\n\n<li>Keine Medikamente notwendig<\/li>\n\n\n<li>Impfungen vollst\u00e4ndig und aktuell<\/li>\n\n\n<li>Bei\u00dfvorfall: Ein Vorfall ist passiert. Dabei handelte es sich eher um ein Warnbei\u00dfen (kein ernsthafter Biss).<\/li>\n<\/ul>\n\n\n<p>Situation: Diego hat unerwartet die Wohnung verlassen, traf im Treppenhaus auf einen Nachbarn, der Angst hatte. Beide erschraken sich, der Nachbar hob die Hand, Diego reagierte mit Anspringen und einem kurzen Zubei\u00dfen. Es entstand nur eine kleine Verletzung (leichter Abdruck eines Eckzahns und Kratzspuren).<\/p>\n\n\n<ul class=\"wp-block-list\">\n<li>Allgemeine Menschenvertr\u00e4glichkeit: Schwierig bei direktem Kontakt, vor allem bei Unsicherheit<\/li>\n\n\n<li>Alleine bleiben: Kann gut alleine bleiben<\/li>\n\n\n<li>Stubenrein: Ja<\/li>\n\n\n<li>Leinenf\u00fchrigkeit: Ausbauf\u00e4hig<\/li>\n\n\n<li>Kommandos: Grundkommandos vorhanden (je nach Situation umsetzbar)<\/li>\n\n\n<li>Training: Es wurde mit ihm trainiert, jedoch besteht das beschriebene Problem weiterhin<\/li>\n\n\n<li>Abgabegrund: Die Unsicherheit und das daraus resultierende Verhalten (insbesondere gegen\u00fcber Menschen und Hunden) ist langfristig f\u00fcr uns nicht mehr h\u00e4ndelbar, trotz intensiver Bem\u00fchungen und Training.<\/li>\n<\/ul>\n\n\n<p>Nat\u00fcrlich werden Vorkontrollen gemacht und auch ein Schutzvertrag mit Schutzgeb\u00fchr.<\/p>\n\n\n<p>Bei ernsthaftem Interesse wendet euch bitte an die Besitzerin Mariam 0176 46611063<\/p>\n\t\t\t\t\t\t\t\t\t\t\t\t\t<img fetchpriority=\"high\" decoding=\"async\" width=\"768\" height=\"1024\" src=\"https:\/\/www.dogo-in-not.de\/wp-content\/uploads\/2026\/03\/WhatsApp-Image-2026-03-23-at-20.56.01-1-768x1024.jpeg\" alt=\"\" srcset=\"https:\/\/www.dogo-in-not.de\/wp-content\/uploads\/2026\/03\/WhatsApp-Image-2026-03-23-at-20.56.01-1-768x1024.jpeg 768w, https:\/\/www.dogo-in-not.de\/wp-content\/uploads\/2026\/03\/WhatsApp-Image-2026-03-23-at-20.56.01-1-225x300.jpeg 225w, https:\/\/www.dogo-in-not.de\/wp-content\/uploads\/2026\/03\/WhatsApp-Image-2026-03-23-at-20.56.01-1-1152x1536.jpeg 1152w, https:\/\/www.dogo-in-not.de\/wp-content\/uploads\/2026\/03\/WhatsApp-Image-2026-03-23-at-20.56.01-1.jpeg 1536w\" sizes=\"(max-width: 768px) 100vw, 768px\" \/>\t\t\t\t\t\t\t\t\t\t\t\t\t\t\t\t\t\t\t\t\t\t\t\t\t\t<img decoding=\"async\" width=\"768\" height=\"1024\" src=\"https:\/\/www.dogo-in-not.de\/wp-content\/uploads\/2026\/03\/WhatsApp-Image-2026-03-23-at-20.56.00-768x1024.jpeg\" alt=\"\" srcset=\"https:\/\/www.dogo-in-not.de\/wp-content\/uploads\/2026\/03\/WhatsApp-Image-2026-03-23-at-20.56.00-768x1024.jpeg 768w, https:\/\/www.dogo-in-not.de\/wp-content\/uploads\/2026\/03\/WhatsApp-Image-2026-03-23-at-20.56.00-225x300.jpeg 225w, https:\/\/www.dogo-in-not.de\/wp-content\/uploads\/2026\/03\/WhatsApp-Image-2026-03-23-at-20.56.00-1152x1536.jpeg 1152w, https:\/\/www.dogo-in-not.de\/wp-content\/uploads\/2026\/03\/WhatsApp-Image-2026-03-23-at-20.56.00.jpeg 1536w\" sizes=\"(max-width: 768px) 100vw, 768px\" \/>\t\t\t\t\t\t\t\t\t\t\t\t\t\t\t\t\t\t\t\t\t\t\t\t\t\t<img decoding=\"async\" width=\"768\" height=\"1024\" src=\"https:\/\/www.dogo-in-not.de\/wp-content\/uploads\/2026\/03\/WhatsApp-Image-2026-03-23-at-20.56.00-1-768x1024.jpeg\" alt=\"\" srcset=\"https:\/\/www.dogo-in-not.de\/wp-content\/uploads\/2026\/03\/WhatsApp-Image-2026-03-23-at-20.56.00-1-768x1024.jpeg 768w, https:\/\/www.dogo-in-not.de\/wp-content\/uploads\/2026\/03\/WhatsApp-Image-2026-03-23-at-20.56.00-1-225x300.jpeg 225w, https:\/\/www.dogo-in-not.de\/wp-content\/uploads\/2026\/03\/WhatsApp-Image-2026-03-23-at-20.56.00-1-1152x1536.jpeg 1152w, https:\/\/www.dogo-in-not.de\/wp-content\/uploads\/2026\/03\/WhatsApp-Image-2026-03-23-at-20.56.00-1.jpeg 1536w\" sizes=\"(max-width: 768px) 100vw, 768px\" \/>\t\t\t\t\t\t\t\t\t\t\t\t\t\t\t\t\t\t\t\t\t\t\t\t\t\t<img loading=\"lazy\" decoding=\"async\" width=\"768\" height=\"1024\" src=\"https:\/\/www.dogo-in-not.de\/wp-content\/uploads\/2026\/03\/WhatsApp-Image-2026-03-23-at-20.56.00-2-768x1024.jpeg\" alt=\"\" srcset=\"https:\/\/www.dogo-in-not.de\/wp-content\/uploads\/2026\/03\/WhatsApp-Image-2026-03-23-at-20.56.00-2-768x1024.jpeg 768w, https:\/\/www.dogo-in-not.de\/wp-content\/uploads\/2026\/03\/WhatsApp-Image-2026-03-23-at-20.56.00-2-225x300.jpeg 225w, https:\/\/www.dogo-in-not.de\/wp-content\/uploads\/2026\/03\/WhatsApp-Image-2026-03-23-at-20.56.00-2-1152x1536.jpeg 1152w, https:\/\/www.dogo-in-not.de\/wp-content\/uploads\/2026\/03\/WhatsApp-Image-2026-03-23-at-20.56.00-2.jpeg 1536w\" sizes=\"(max-width: 768px) 100vw, 768px\" \/>\t\t\t\t\t\t\t\t\t\t\t\t\t\t\t\t\t\t\t\t\t\t\t\t\t\t<img loading=\"lazy\" decoding=\"async\" width=\"576\" height=\"1024\" src=\"https:\/\/www.dogo-in-not.de\/wp-content\/uploads\/2026\/03\/WhatsApp-Image-2026-03-23-at-20.56.01-576x1024.jpeg\" alt=\"\" srcset=\"https:\/\/www.dogo-in-not.de\/wp-content\/uploads\/2026\/03\/WhatsApp-Image-2026-03-23-at-20.56.01-576x1024.jpeg 576w, https:\/\/www.dogo-in-not.de\/wp-content\/uploads\/2026\/03\/WhatsApp-Image-2026-03-23-at-20.56.01-169x300.jpeg 169w, https:\/\/www.dogo-in-not.de\/wp-content\/uploads\/2026\/03\/WhatsApp-Image-2026-03-23-at-20.56.01-768x1365.jpeg 768w, https:\/\/www.dogo-in-not.de\/wp-content\/uploads\/2026\/03\/WhatsApp-Image-2026-03-23-at-20.56.01-864x1536.jpeg 864w, https:\/\/www.dogo-in-not.de\/wp-content\/uploads\/2026\/03\/WhatsApp-Image-2026-03-23-at-20.56.01.jpeg 1152w\" sizes=\"(max-width: 576px) 100vw, 576px\" \/>","protected":false},"excerpt":{"rendered":"<p>[D] Diego,*August 2022 R\u00fcde, nicht kastriert, Privatvermittlung Mischling (Dogo Argentino-Mix, zweite Rasse unbekannt) Alle Impfungen aktuell seit dem Welpenalter bei mir bzw. meiner Familie Diego lebt seit dem Welpenalter bei uns in der Familie. Ich wohne mit meiner Familie zusammen, inklusive meiner zwei Br\u00fcder, die mich ebenfalls im Alltag (Gassi, Training etc.) unterst\u00fctzen. Er ist [&hellip;]<\/p>\n","protected":false},"author":1,"featured_media":0,"parent":106,"menu_order":1,"comment_status":"closed","ping_status":"closed","template":"","meta":{"footnotes":""},"class_list":["post-114","page","type-page","status-publish","hentry"],"_links":{"self":[{"href":"https:\/\/www.dogo-in-not.de\/index.php\/wp-json\/wp\/v2\/pages\/114","targetHints":{"allow":["GET"]}}],"collection":[{"href":"https:\/\/www.dogo-in-not.de\/index.php\/wp-json\/wp\/v2\/pages"}],"about":[{"href":"https:\/\/www.dogo-in-not.de\/index.php\/wp-json\/wp\/v2\/types\/page"}],"author":[{"embeddable":true,"href":"https:\/\/www.dogo-in-not.de\/index.php\/wp-json\/wp\/v2\/users\/1"}],"replies":[{"embeddable":true,"href":"https:\/\/www.dogo-in-not.de\/index.php\/wp-json\/wp\/v2\/comments?post=114"}],"version-history":[{"count":8,"href":"https:\/\/www.dogo-in-not.de\/index.php\/wp-json\/wp\/v2\/pages\/114\/revisions"}],"predecessor-version":[{"id":389,"href":"https:\/\/www.dogo-in-not.de\/index.php\/wp-json\/wp\/v2\/pages\/114\/revisions\/389"}],"up":[{"embeddable":true,"href":"https:\/\/www.dogo-in-not.de\/index.php\/wp-json\/wp\/v2\/pages\/106"}],"wp:attachment":[{"href":"https:\/\/www.dogo-in-not.de\/index.php\/wp-json\/wp\/v2\/media?parent=114"}],"curies":[{"name":"wp","href":"https:\/\/api.w.org\/{rel}","templated":true}]}}