{"id":133,"date":"2026-01-30T14:26:08","date_gmt":"2026-01-30T13:26:08","guid":{"rendered":"https:\/\/www.dogo-in-not.de\/?page_id=133"},"modified":"2026-01-30T14:26:08","modified_gmt":"2026-01-30T13:26:08","slug":"3-dogo-argentino-treffen-in-calw-bawue-06-08-2016","status":"publish","type":"page","link":"https:\/\/www.dogo-in-not.de\/index.php\/verein\/treffen\/3-dogo-argentino-treffen-in-calw-bawue-06-08-2016\/","title":{"rendered":"3. Dogo Argentino Treffen in Calw BaW\u00fc (06.08.2016)"},"content":{"rendered":"\n<p>Unser Dogo Argentino Treffen war auch dieses Jahr in der dritten Runde wieder ein voller Erfolg, allerdings m\u00fcssen wir gestehen, dass das Treffen 2016 mit Abstand das Beste bisher war.<\/p>\n\n\n\n<p>Wir hoffen dass sich jeder Neuling willkommen und zugeh\u00f6rig gef\u00fchlt hat und alle auf ihre Kosten gekommen sind. Es war eine wahnsinns Veranstaltung und die Hunde waren einfach alle meeeeega klasse. Man hat sich unter Gleichgesinnten gef\u00fchlt und wir denken dass alle neue Freundschaften geschlossen haben, Menschen als auch Dogos! Jeder hat nach seinem Hund geschaut und es war einfach rundum alles gelungen!<\/p>\n\n\n\n<p>Wir m\u00f6chten uns bei allen Teilnehmern recht herzlich bedanken, denn alle gemeinsam haben den Tag zu dem gemacht was er war! Und ganz nebenbei ist eine stolze Summe von 1340 Euro f\u00fcr die vielen Not Dogos zusammengekommen! Ihr seid einfach der Hammer! Es hat so gut getan all die ehemaligen Sch\u00fctzlinge, Tierheim- und Not Dogos wieder zu sehen!<br>Das best\u00e4tigt einfach unsere Arbeit! 55 Personen und rund 42 Hunde wenn wir richtig gez\u00e4hlt haben!!! DANKE im Namen von Dogo Argentino in Not e.V. !<\/p>\n\n\n\n<p>In unserem Album bei Facebook findet ihr viele tolle Bilder von diesem gelungenen Tag:<\/p>\n\n\n\n<p><a href=\"https:\/\/www.facebook.com\/media\/set\/?set=a.914419292013840&amp;type=3\">https:\/\/www.facebook.com\/media\/set\/?set=a.914419292013840&amp;type=3<\/a><\/p>\n\n\n\n<p>&#8212;&#8212;&#8212;&#8212;&#8212;&#8212;&#8212;&#8212;&#8212;&#8212;&#8212;&#8212;&#8212;&#8212;&#8212;&#8212;&#8212;&#8212;&#8212;&#8212;&#8212;&#8212;&#8212;&#8212;&#8212;&#8212;&#8212;&#8212;&#8212;&#8212;&#8212;&#8212;&#8212;&#8212;&#8212;&#8212;&#8212;&#8212;&#8212;&#8212;&#8212;&#8212;&#8212;&#8212;&#8212;&#8212;&#8212;&#8212;&#8212;&#8212;&#8212;&#8212;&#8212;&#8212;&#8212;&#8212;&#8212;&#8212;&#8212;<\/p>\n\n\n\n<p>Hier ein kleiner Bericht von Julia:<\/p>\n\n\n\n<p>Am Samstag den 6. August war es endlich wieder so weit. Das j\u00e4hrliche Dogo Argentino Treffen in Calw stand an.<\/p>\n\n\n\n<p>Im Voraus gab es jede Menge zu tun, Verwaltung der &nbsp;angemeldeten Menschen und Hunde, Herrichten des Platzes, Organisation von Salat und Kuchen f\u00fcrs gemeinsame Grillbuffet und Ausstattung des Verkaufsstands zu Gunsten Dogo Argentino in Not e.V.<\/p>\n\n\n\n<p>Am Samstag bis 11Uhr fanden sich alle Vier- und Zweibeinergespanne auf dem Platz ein, der von Silke und Ihrer Familie bereits liebevoll hergerichtet wurde und mit Sitzpl\u00e4tzen und Schattenspendern ausgestattet wurde.<\/p>\n\n\n\n<p>Auch der Verkaufsstand von Dogo Argentino in Not e.V. war bereits bei unserem Eintreffen aufgebaut und dekoriert.<\/p>\n\n\n\n<p>Das Dogo Treffen startete traditionell mit einem \u201esocial walk\u201c, einem Spaziergang an dem sich die Hunde in der Gruppe per Nase kennen lernen d\u00fcrfen. Nach ca. 1h starteten wir den Versuch alle Hunde mit Herrchen auf ein Foto zu bekommen. Gar nicht so leicht mit 42 Hunden, von denen ca. \u00be mit Hilfe des Vereins vermittelt wurden, und ca. 55 Menschen ein gelungenes Gruppenfoto zu machen.<\/p>\n\n\n\n<p>Im Anschluss wurde das Grillbuffet er\u00f6ffnet, dank der Mithilfe aller hatten wir ein gro\u00dfes und vielseitiges Salatbuffet und hinterher ein reichhaltiges Kuchenbuffet.<\/p>\n\n\n\n<p>Am Nachmittag durften die Hunde in kleineren und gr\u00f6sseren Gruppen auf der Wiese spielen und die Besitzer unterhielten sich angeregt. Nun war auch Zeit sich am Verkaufsstand umzusehen.<\/p>\n\n\n\n<p>Es gab ein Vielseitiges Angebot; angefangen mit Shirts und Pullis, bedruckt mit dem Dogo in Not Logo, Halsb\u00e4nder, Leinen, Geschirre, selbstgebackene Leckereien f\u00fcr Hund und Mensch.<\/p>\n\n\n\n<p>Insgesamt kamen 1340 \u20ac f\u00fcr den Verein zusammen.<\/p>\n\n\n\n<p>Dankend erw\u00e4hnen m\u00f6chte ich noch Joachim Schumacher, der f\u00fcr jeden Hund ein selbstgemachtes Spielzeug mitbrachte und wundersch\u00f6ne Fotos vom Treffen machte.<\/p>\n\n\n\n<p>Auch Sonja hatte f\u00fcr jede Familie noch ein Geschenk organisiert, ein Traubenkernkissen das f\u00fcr so manche Wehwehchen bei Hund und Mensch gut ist.<\/p>\n\n\n\n<p>Schade dass dieser wundervolle Tag so schnell vergangen ist. Es war eine wunderbare, friedliche Veranstaltung auf der man alte Bekannte traf und neue Freundschaften schliessen konnte.<\/p>\n\n\n\n<p>Ich freue mich schon auf n\u00e4chste Jahr, wenn wir uns hoffentlich alle gesund und munter wieder treffen mit unseren weissen Riesen.<\/p>\n\n\n\n<p>Bis bald<\/p>\n\n\n\n<p>Eure Julia Constanza<\/p>\n","protected":false},"excerpt":{"rendered":"<p>Unser Dogo Argentino Treffen war auch dieses Jahr in der dritten Runde wieder ein voller Erfolg, allerdings m\u00fcssen wir gestehen, dass das Treffen 2016 mit Abstand das Beste bisher war. Wir hoffen dass sich jeder Neuling willkommen und zugeh\u00f6rig gef\u00fchlt hat und alle auf ihre Kosten gekommen sind. Es war eine wahnsinns Veranstaltung und die [&hellip;]<\/p>\n","protected":false},"author":1,"featured_media":0,"parent":19,"menu_order":1,"comment_status":"closed","ping_status":"closed","template":"","meta":{"footnotes":""},"class_list":["post-133","page","type-page","status-publish","hentry"],"_links":{"self":[{"href":"https:\/\/www.dogo-in-not.de\/index.php\/wp-json\/wp\/v2\/pages\/133","targetHints":{"allow":["GET"]}}],"collection":[{"href":"https:\/\/www.dogo-in-not.de\/index.php\/wp-json\/wp\/v2\/pages"}],"about":[{"href":"https:\/\/www.dogo-in-not.de\/index.php\/wp-json\/wp\/v2\/types\/page"}],"author":[{"embeddable":true,"href":"https:\/\/www.dogo-in-not.de\/index.php\/wp-json\/wp\/v2\/users\/1"}],"replies":[{"embeddable":true,"href":"https:\/\/www.dogo-in-not.de\/index.php\/wp-json\/wp\/v2\/comments?post=133"}],"version-history":[{"count":1,"href":"https:\/\/www.dogo-in-not.de\/index.php\/wp-json\/wp\/v2\/pages\/133\/revisions"}],"predecessor-version":[{"id":135,"href":"https:\/\/www.dogo-in-not.de\/index.php\/wp-json\/wp\/v2\/pages\/133\/revisions\/135"}],"up":[{"embeddable":true,"href":"https:\/\/www.dogo-in-not.de\/index.php\/wp-json\/wp\/v2\/pages\/19"}],"wp:attachment":[{"href":"https:\/\/www.dogo-in-not.de\/index.php\/wp-json\/wp\/v2\/media?parent=133"}],"curies":[{"name":"wp","href":"https:\/\/api.w.org\/{rel}","templated":true}]}}