{"id":137,"date":"2026-01-30T14:34:14","date_gmt":"2026-01-30T13:34:14","guid":{"rendered":"https:\/\/www.dogo-in-not.de\/?page_id=137"},"modified":"2026-01-30T14:34:14","modified_gmt":"2026-01-30T13:34:14","slug":"kleines-dogo-treffen-in-hospten-nrw-28-03-2015","status":"publish","type":"page","link":"https:\/\/www.dogo-in-not.de\/index.php\/verein\/treffen\/kleines-dogo-treffen-in-hospten-nrw-28-03-2015\/","title":{"rendered":"Kleines Dogo Treffen in Hospten NRW (28.03.2015)"},"content":{"rendered":"\n<p><strong>Hopsten Hopsten wir waren heut in Hopsten\u2026<\/strong><br><br>Hopsten, ein kleines Dorf bei F\u00fcrstenau in NRW war heut der Anlaufpunkt vieler Dogofreunde, die sich bei einem geselligen Zusammentreffen die Zeit vertrieben.<br>Bei sch\u00f6nem Wetter und reichlich Platz auf dem Grundst\u00fcck, wurde nach einer entspannten Gassirunde bei reichlich Kaffee und kalten Getr\u00e4nken der Grill angeworfen. F\u00fcr den Notfall, dass das Wetter nicht mitspielen w\u00fcrde, hatten Uwe, Susanne, Nicole und Michael ein gef\u00fchltes Mannschaftszelt aufgebaut.<\/p>\n\n\n\n<figure class=\"wp-block-image size-full is-resized\"><img fetchpriority=\"high\" decoding=\"async\" width=\"400\" height=\"266\" src=\"https:\/\/www.dogo-in-not.de\/wp-content\/uploads\/2026\/01\/grafik-2.png\" alt=\"\" class=\"wp-image-140\" style=\"width:402px;height:auto\" srcset=\"https:\/\/www.dogo-in-not.de\/wp-content\/uploads\/2026\/01\/grafik-2.png 400w, https:\/\/www.dogo-in-not.de\/wp-content\/uploads\/2026\/01\/grafik-2-300x200.png 300w\" sizes=\"(max-width: 400px) 100vw, 400px\" \/><\/figure>\n\n\n\n<p>Grillmeister Uwe sorgte mit gr\u00f6\u00dfter Sorgfalt f\u00fcr den perfekten Garpunkt der mitgebrachten Grillies, w\u00e4hrend die vierbeinigen G\u00e4ste reichlich den Garten f\u00fcr experimentelle \u00dcberschlagsrempeleien, Rumger\u00f6lze und flei\u00dfiges Buddeln nutzten.<\/p>\n\n\n\n<figure class=\"wp-block-gallery has-nested-images columns-default is-cropped wp-block-gallery-1 is-layout-flex wp-block-gallery-is-layout-flex\">\n<figure class=\"wp-block-image size-large\"><img decoding=\"async\" width=\"400\" height=\"266\" data-id=\"141\" src=\"https:\/\/www.dogo-in-not.de\/wp-content\/uploads\/2026\/01\/dogotreff_nrw28032015_09.jpg\" alt=\"\" class=\"wp-image-141\" srcset=\"https:\/\/www.dogo-in-not.de\/wp-content\/uploads\/2026\/01\/dogotreff_nrw28032015_09.jpg 400w, https:\/\/www.dogo-in-not.de\/wp-content\/uploads\/2026\/01\/dogotreff_nrw28032015_09-300x200.jpg 300w\" sizes=\"(max-width: 400px) 100vw, 400px\" \/><\/figure>\n\n\n\n<figure class=\"wp-block-image size-large\"><img decoding=\"async\" width=\"400\" height=\"266\" data-id=\"142\" src=\"https:\/\/www.dogo-in-not.de\/wp-content\/uploads\/2026\/01\/dogotreff_nrw28032015_08.jpg\" alt=\"\" class=\"wp-image-142\" srcset=\"https:\/\/www.dogo-in-not.de\/wp-content\/uploads\/2026\/01\/dogotreff_nrw28032015_08.jpg 400w, https:\/\/www.dogo-in-not.de\/wp-content\/uploads\/2026\/01\/dogotreff_nrw28032015_08-300x200.jpg 300w\" sizes=\"(max-width: 400px) 100vw, 400px\" \/><\/figure>\n\n\n\n<figure class=\"wp-block-image size-large\"><img loading=\"lazy\" decoding=\"async\" width=\"400\" height=\"266\" data-id=\"145\" src=\"https:\/\/www.dogo-in-not.de\/wp-content\/uploads\/2026\/01\/dogotreff_nrw28032015_07.jpg\" alt=\"\" class=\"wp-image-145\" srcset=\"https:\/\/www.dogo-in-not.de\/wp-content\/uploads\/2026\/01\/dogotreff_nrw28032015_07.jpg 400w, https:\/\/www.dogo-in-not.de\/wp-content\/uploads\/2026\/01\/dogotreff_nrw28032015_07-300x200.jpg 300w\" sizes=\"(max-width: 400px) 100vw, 400px\" \/><\/figure>\n\n\n\n<figure class=\"wp-block-image size-large\"><img loading=\"lazy\" decoding=\"async\" width=\"400\" height=\"266\" data-id=\"144\" src=\"https:\/\/www.dogo-in-not.de\/wp-content\/uploads\/2026\/01\/dogotreff_nrw28032015_06.jpg\" alt=\"\" class=\"wp-image-144\" srcset=\"https:\/\/www.dogo-in-not.de\/wp-content\/uploads\/2026\/01\/dogotreff_nrw28032015_06.jpg 400w, https:\/\/www.dogo-in-not.de\/wp-content\/uploads\/2026\/01\/dogotreff_nrw28032015_06-300x200.jpg 300w\" sizes=\"(max-width: 400px) 100vw, 400px\" \/><\/figure>\n\n\n\n<figure class=\"wp-block-image size-large\"><img loading=\"lazy\" decoding=\"async\" width=\"400\" height=\"266\" data-id=\"146\" src=\"https:\/\/www.dogo-in-not.de\/wp-content\/uploads\/2026\/01\/dogotreff_nrw28032015_05.jpg\" alt=\"\" class=\"wp-image-146\" srcset=\"https:\/\/www.dogo-in-not.de\/wp-content\/uploads\/2026\/01\/dogotreff_nrw28032015_05.jpg 400w, https:\/\/www.dogo-in-not.de\/wp-content\/uploads\/2026\/01\/dogotreff_nrw28032015_05-300x200.jpg 300w\" sizes=\"(max-width: 400px) 100vw, 400px\" \/><\/figure>\n\n\n\n<figure class=\"wp-block-image size-large\"><img loading=\"lazy\" decoding=\"async\" width=\"400\" height=\"266\" data-id=\"143\" src=\"https:\/\/www.dogo-in-not.de\/wp-content\/uploads\/2026\/01\/dogotreff_nrw28032015_04.jpg\" alt=\"\" class=\"wp-image-143\" srcset=\"https:\/\/www.dogo-in-not.de\/wp-content\/uploads\/2026\/01\/dogotreff_nrw28032015_04.jpg 400w, https:\/\/www.dogo-in-not.de\/wp-content\/uploads\/2026\/01\/dogotreff_nrw28032015_04-300x200.jpg 300w\" sizes=\"(max-width: 400px) 100vw, 400px\" \/><\/figure>\n\n\n\n<figure class=\"wp-block-image size-large\"><img loading=\"lazy\" decoding=\"async\" width=\"400\" height=\"266\" data-id=\"147\" src=\"https:\/\/www.dogo-in-not.de\/wp-content\/uploads\/2026\/01\/dogotreff_nrw28032015_03.jpg\" alt=\"\" class=\"wp-image-147\" srcset=\"https:\/\/www.dogo-in-not.de\/wp-content\/uploads\/2026\/01\/dogotreff_nrw28032015_03.jpg 400w, https:\/\/www.dogo-in-not.de\/wp-content\/uploads\/2026\/01\/dogotreff_nrw28032015_03-300x200.jpg 300w\" sizes=\"(max-width: 400px) 100vw, 400px\" \/><\/figure>\n\n\n\n<figure class=\"wp-block-image size-large\"><img loading=\"lazy\" decoding=\"async\" width=\"400\" height=\"266\" data-id=\"148\" src=\"https:\/\/www.dogo-in-not.de\/wp-content\/uploads\/2026\/01\/dogotreff_nrw28032015_02.jpg\" alt=\"\" class=\"wp-image-148\" srcset=\"https:\/\/www.dogo-in-not.de\/wp-content\/uploads\/2026\/01\/dogotreff_nrw28032015_02.jpg 400w, https:\/\/www.dogo-in-not.de\/wp-content\/uploads\/2026\/01\/dogotreff_nrw28032015_02-300x200.jpg 300w\" sizes=\"(max-width: 400px) 100vw, 400px\" \/><\/figure>\n\n\n\n<figure class=\"wp-block-image size-large\"><img loading=\"lazy\" decoding=\"async\" width=\"400\" height=\"266\" data-id=\"149\" src=\"https:\/\/www.dogo-in-not.de\/wp-content\/uploads\/2026\/01\/dogotreff_nrw28032015_10.jpg\" alt=\"\" class=\"wp-image-149\" srcset=\"https:\/\/www.dogo-in-not.de\/wp-content\/uploads\/2026\/01\/dogotreff_nrw28032015_10.jpg 400w, https:\/\/www.dogo-in-not.de\/wp-content\/uploads\/2026\/01\/dogotreff_nrw28032015_10-300x200.jpg 300w\" sizes=\"(max-width: 400px) 100vw, 400px\" \/><\/figure>\n<\/figure>\n\n\n\n<p>Bei den hundebesitzertypischen Selbstschutzma\u00dfnahmen (locker in den Knien stehen) wurde reichlich geplauscht und sich ausgetauscht.<br>Zeugenaussagen zufolge soll es der ein oder andere sogar geschafft haben die Anwesende Sonja in ein minutenlanges Gespr\u00e4ch verwickelt zu haben, was jedoch der Schreiber hier mal bedingt durch Sonjas flei\u00dfigen Verkauf der DAiN goodies, f\u00fcr eine Geschichte aus dem Bereich M\u00fcnchhausen h\u00e4lt.<\/p>\n\n\n\n<p>Durch den Verkauf einiger Halsb\u00e4nder, Pullis und sonstigen Werbeartikeln kamen an diesem Tag 186,00 \u20ac f\u00fcr den Verein zusammen. Au\u00dferdem hatte Simone Barciaga die Spendendose aufgestellt und rumgereicht, wodurch nochmal 80,00 \u20ac in die Vereinskasse kamen!<br>Ein Tageserl\u00f6s von 266,00 \u20ac kann sich sehen lassen finden wir!<br>Alles in Allem ein rundum gelungener Tag, bei dem wir uns bei Allen bedanken m\u00f6chten, die den Tag so sch\u00f6n mitgestaltet haben.<br><br>Mit freudiger Erwartung auf das n\u00e4chste Treffen,<br><br>Euer Dogo Argentino in Not e.V &#8211; Team<\/p>\n","protected":false},"excerpt":{"rendered":"<p>Hopsten Hopsten wir waren heut in Hopsten\u2026 Hopsten, ein kleines Dorf bei F\u00fcrstenau in NRW war heut der Anlaufpunkt vieler Dogofreunde, die sich bei einem geselligen Zusammentreffen die Zeit vertrieben.Bei sch\u00f6nem Wetter und reichlich Platz auf dem Grundst\u00fcck, wurde nach einer entspannten Gassirunde bei reichlich Kaffee und kalten Getr\u00e4nken der Grill angeworfen. F\u00fcr den Notfall, [&hellip;]<\/p>\n","protected":false},"author":1,"featured_media":0,"parent":19,"menu_order":2,"comment_status":"closed","ping_status":"closed","template":"","meta":{"footnotes":""},"class_list":["post-137","page","type-page","status-publish","hentry"],"_links":{"self":[{"href":"https:\/\/www.dogo-in-not.de\/index.php\/wp-json\/wp\/v2\/pages\/137","targetHints":{"allow":["GET"]}}],"collection":[{"href":"https:\/\/www.dogo-in-not.de\/index.php\/wp-json\/wp\/v2\/pages"}],"about":[{"href":"https:\/\/www.dogo-in-not.de\/index.php\/wp-json\/wp\/v2\/types\/page"}],"author":[{"embeddable":true,"href":"https:\/\/www.dogo-in-not.de\/index.php\/wp-json\/wp\/v2\/users\/1"}],"replies":[{"embeddable":true,"href":"https:\/\/www.dogo-in-not.de\/index.php\/wp-json\/wp\/v2\/comments?post=137"}],"version-history":[{"count":1,"href":"https:\/\/www.dogo-in-not.de\/index.php\/wp-json\/wp\/v2\/pages\/137\/revisions"}],"predecessor-version":[{"id":151,"href":"https:\/\/www.dogo-in-not.de\/index.php\/wp-json\/wp\/v2\/pages\/137\/revisions\/151"}],"up":[{"embeddable":true,"href":"https:\/\/www.dogo-in-not.de\/index.php\/wp-json\/wp\/v2\/pages\/19"}],"wp:attachment":[{"href":"https:\/\/www.dogo-in-not.de\/index.php\/wp-json\/wp\/v2\/media?parent=137"}],"curies":[{"name":"wp","href":"https:\/\/api.w.org\/{rel}","templated":true}]}}