{"id":73,"date":"2025-10-09T14:12:39","date_gmt":"2025-10-09T12:12:39","guid":{"rendered":"https:\/\/www.dogo-in-not.de\/?page_id=73"},"modified":"2025-10-14T16:29:38","modified_gmt":"2025-10-14T14:29:38","slug":"srb-zeus-ruede-07-2015","status":"publish","type":"page","link":"https:\/\/www.dogo-in-not.de\/index.php\/notfaelle-rueden\/serbien\/srb-zeus-ruede-07-2015\/","title":{"rendered":"[SRB] Zeus, R\u00fcde, *~07\/2015"},"content":{"rendered":"\n<p><strong>Update 14.10.2025:<\/strong><\/p>\n\n\n\n<p>Ein weitere Pate wurde gefunden! <br>Danke f\u00fcrs flei\u00dfige Teilen und die Anteilnahme an seinem Schicksal.<\/p>\n\n\n\n<p>Hier findet ihr sein Album mit allen Fotos und der Spendenauflistung:<br><a href=\"https:\/\/www.facebook.com\/media\/set\/?set=a.1530533773735719&amp;type=3\">https:\/\/www.facebook.com\/media\/set\/?set=a.1530533773735719&amp;type=3<\/a><\/p>\n\n\n\n<hr class=\"wp-block-separator has-alpha-channel-opacity\"\/>\n\n\n\n<p><strong>Update 10.10.2025:<\/strong><br>Zeus Unkosten sind bis Ende Oktober gedeckt! Danke nochmal an alle Spender!<\/p>\n\n\n\n<p>Trotzdem suchen wir noch einen weiteren Paten, damit seine laufenden monatlichen Kosten gedeckt werden k\u00f6nnen. Es sind lediglich 16 \u20ac im Monat offen. Wer m\u00f6chte ihn unterst\u00fctzen!<\/p>\n\n\n\n<figure class=\"wp-block-image size-large is-resized\"><img fetchpriority=\"high\" decoding=\"async\" width=\"1024\" height=\"1024\" src=\"https:\/\/www.dogo-in-not.de\/wp-content\/uploads\/2025\/10\/DAiN_Zeus-1024x1024.png\" alt=\"\" class=\"wp-image-93\" style=\"width:303px;height:auto\" srcset=\"https:\/\/www.dogo-in-not.de\/wp-content\/uploads\/2025\/10\/DAiN_Zeus-1024x1024.png 1024w, https:\/\/www.dogo-in-not.de\/wp-content\/uploads\/2025\/10\/DAiN_Zeus-300x300.png 300w, https:\/\/www.dogo-in-not.de\/wp-content\/uploads\/2025\/10\/DAiN_Zeus-150x150.png 150w, https:\/\/www.dogo-in-not.de\/wp-content\/uploads\/2025\/10\/DAiN_Zeus-768x768.png 768w, https:\/\/www.dogo-in-not.de\/wp-content\/uploads\/2025\/10\/DAiN_Zeus.png 1080w\" sizes=\"(max-width: 1024px) 100vw, 1024px\" \/><\/figure>\n\n\n\n<hr class=\"wp-block-separator has-alpha-channel-opacity\"\/>\n\n\n\n<p><strong>Update 09.10.2025:<\/strong><br>Bis auf 64,47 \u20ac sind seine Kosten bis Ende Oktober gedeckt. <br>Vielen herzlichen Dank an alle Spender und nat\u00fcrlich an seine aktuellen Paten!<\/p>\n\n\n\n<p>Wer m\u00f6chte Zeus als Pate unterst\u00fctzen? Es fehlen lediglich 16 \u20ac im Monat um seine Pensions- und Futterkosten zu decken!<\/p>\n\n\n\n<hr class=\"wp-block-separator has-alpha-channel-opacity\"\/>\n\n\n\n<p><strong>Update 29.09.2025:<\/strong><br>Manchmal gibt es diese Hunde die kein Zuhause finden und nicht mehr erfahren d\u00fcrfen, was es heisst geliebt und beh\u00fctet zu sein. Zeus ist gut untergebracht und Stefan k\u00fcmmert sich in der Pension wirklich liebevoll um ihn, aber eine richtige Familie kann das niemals ersetzen. <\/p>\n\n\n\n<p>Zeus haben wir 2018 mit vereinten Kr\u00e4ften gerettet und bis heute hat ihm niemand eine Chance gegeben.<\/p>\n\n\n\n<p>K\u00f6nnen wir zumindest versuchen, seine Pensionsschulden zu decken?<\/p>\n\n\n\n<p>&#8211; 1214,25 \u20ac sind hier offen! Wer kann und m\u00f6chte mit ein paar Euro unterst\u00fctzen?<\/p>\n\n\n\n<p>Lieber w\u00e4re uns nat\u00fcrlich wenn er endlich ein Zuhause finden w\u00fcrde.<\/p>\n\n\n\n<figure class=\"wp-block-gallery has-nested-images columns-default is-cropped wp-block-gallery-1 is-layout-flex wp-block-gallery-is-layout-flex\">\n<figure class=\"wp-block-image size-large\"><img decoding=\"async\" width=\"768\" height=\"1024\" data-id=\"74\" src=\"https:\/\/www.dogo-in-not.de\/wp-content\/uploads\/2025\/10\/zeus5-768x1024.jpg\" alt=\"\" class=\"wp-image-74\" srcset=\"https:\/\/www.dogo-in-not.de\/wp-content\/uploads\/2025\/10\/zeus5-768x1024.jpg 768w, https:\/\/www.dogo-in-not.de\/wp-content\/uploads\/2025\/10\/zeus5-225x300.jpg 225w, https:\/\/www.dogo-in-not.de\/wp-content\/uploads\/2025\/10\/zeus5-1152x1536.jpg 1152w, https:\/\/www.dogo-in-not.de\/wp-content\/uploads\/2025\/10\/zeus5.jpg 1536w\" sizes=\"(max-width: 768px) 100vw, 768px\" \/><\/figure>\n\n\n\n<figure class=\"wp-block-image size-large\"><img decoding=\"async\" width=\"768\" height=\"1024\" data-id=\"78\" src=\"https:\/\/www.dogo-in-not.de\/wp-content\/uploads\/2025\/10\/zeus4-768x1024.jpg\" alt=\"\" class=\"wp-image-78\" srcset=\"https:\/\/www.dogo-in-not.de\/wp-content\/uploads\/2025\/10\/zeus4-768x1024.jpg 768w, https:\/\/www.dogo-in-not.de\/wp-content\/uploads\/2025\/10\/zeus4-225x300.jpg 225w, https:\/\/www.dogo-in-not.de\/wp-content\/uploads\/2025\/10\/zeus4-1152x1536.jpg 1152w, https:\/\/www.dogo-in-not.de\/wp-content\/uploads\/2025\/10\/zeus4.jpg 1536w\" sizes=\"(max-width: 768px) 100vw, 768px\" \/><\/figure>\n\n\n\n<figure class=\"wp-block-image size-large\"><img loading=\"lazy\" decoding=\"async\" width=\"768\" height=\"1024\" data-id=\"75\" src=\"https:\/\/www.dogo-in-not.de\/wp-content\/uploads\/2025\/10\/zeus3-768x1024.jpg\" alt=\"\" class=\"wp-image-75\" srcset=\"https:\/\/www.dogo-in-not.de\/wp-content\/uploads\/2025\/10\/zeus3-768x1024.jpg 768w, https:\/\/www.dogo-in-not.de\/wp-content\/uploads\/2025\/10\/zeus3-225x300.jpg 225w, https:\/\/www.dogo-in-not.de\/wp-content\/uploads\/2025\/10\/zeus3-1152x1536.jpg 1152w, https:\/\/www.dogo-in-not.de\/wp-content\/uploads\/2025\/10\/zeus3.jpg 1536w\" sizes=\"(max-width: 768px) 100vw, 768px\" \/><\/figure>\n\n\n\n<figure class=\"wp-block-image size-large\"><img loading=\"lazy\" decoding=\"async\" width=\"768\" height=\"1024\" data-id=\"77\" src=\"https:\/\/www.dogo-in-not.de\/wp-content\/uploads\/2025\/10\/zeus2-768x1024.jpg\" alt=\"\" class=\"wp-image-77\" srcset=\"https:\/\/www.dogo-in-not.de\/wp-content\/uploads\/2025\/10\/zeus2-768x1024.jpg 768w, https:\/\/www.dogo-in-not.de\/wp-content\/uploads\/2025\/10\/zeus2-225x300.jpg 225w, https:\/\/www.dogo-in-not.de\/wp-content\/uploads\/2025\/10\/zeus2-1152x1536.jpg 1152w, https:\/\/www.dogo-in-not.de\/wp-content\/uploads\/2025\/10\/zeus2.jpg 1536w\" sizes=\"(max-width: 768px) 100vw, 768px\" \/><\/figure>\n\n\n\n<figure class=\"wp-block-image size-large\"><img loading=\"lazy\" decoding=\"async\" width=\"768\" height=\"1024\" data-id=\"76\" src=\"https:\/\/www.dogo-in-not.de\/wp-content\/uploads\/2025\/10\/zeus1-768x1024.jpg\" alt=\"\" class=\"wp-image-76\" srcset=\"https:\/\/www.dogo-in-not.de\/wp-content\/uploads\/2025\/10\/zeus1-768x1024.jpg 768w, https:\/\/www.dogo-in-not.de\/wp-content\/uploads\/2025\/10\/zeus1-225x300.jpg 225w, https:\/\/www.dogo-in-not.de\/wp-content\/uploads\/2025\/10\/zeus1-1152x1536.jpg 1152w, https:\/\/www.dogo-in-not.de\/wp-content\/uploads\/2025\/10\/zeus1.jpg 1536w\" sizes=\"(max-width: 768px) 100vw, 768px\" \/><\/figure>\n<\/figure>\n\n\n\n<hr class=\"wp-block-separator has-alpha-channel-opacity\"\/>\n\n\n\n<p><strong>Update 06.11.2023:<\/strong><br>Zeus unser K\u00e4mpfer sucht immernoch sein Zuhause! Wo sind denn nur seine Menschen die ihm mit seinen inzwischen 8 Jahren noch einen Platz auf dem Sofa geben m\u00f6chten?<\/p>\n\n\n\n<p>Seine sichere Unterkunft k\u00f6nnen wir dauerhaft nur durch Eure Spenden und die Patenschaften decken. Vielen Dank an Daniela, Silvia und Petra!<br>Trotzdem ist das Minus hier wieder stark angewachsen und wir sind mit 920,28 \u20ac im R\u00fcckstand. Wer m\u00f6chte Zeus noch unterst\u00fctzen?!<\/p>\n\n\n\n<hr class=\"wp-block-separator has-alpha-channel-opacity\"\/>\n\n\n\n<p><strong>Update 11.11.2022:<\/strong><br>Wir wollten Euch nochmal ein kleines Update zu Zeus geben. Ihm geht es soweit gut. Inzwischen hat man festgestellt dass er eine beginnende Spondylose hat, die ihn aber bisher nicht beeintr\u00e4chtigt. Letzten Monat hat er mal einige Tage gehumpelt. Man hat sich schon Sorgen wegen seinem operierten Bein gemacht, aber alles ist wieder gut. Er spielt gerne mit einigen anderen Hunden in der Pension, allerdings muss man ihn immer etwas bremsen, damit er sich nicht \u00fcbernimmt. Er liebt es drau\u00dfen zu sein und sich im Gras zu w\u00e4lzen und den Bauch kraulen zu lassen.<br><br>Wo sind nur seine Menschen, die ihm eine Chance auf ein eigenes Zuhause geben m\u00f6chten?<br><br>An dieser Stelle erneut ein riesen gro\u00dfes Dankesch\u00f6n an seine Paten, die seine Unterbringung finanzieren.<br><br>Trotz der Paten ist hier wieder ein Minus von &#8211; 244,79 \u20ac entstanden.<\/p>\n\n\n\n<hr class=\"wp-block-separator has-alpha-channel-opacity\"\/>\n\n\n\n<p><strong>Update 01.02.2022:<\/strong><br>Zeus ist weiterhin gesund und zeigt keinerlei Einschr\u00e4nkungen durch seine damalige OP. Irgendwo da drau\u00dfen m\u00fcssen doch seine Menschen auf ihn warten?! Wer m\u00f6chte Zeus endlich ein sch\u00f6nes Leben bieten?<br><br>Aktuell sind wir bei Zeus mit 75,98 \u20ac im Minus. Wer also unterst\u00fctzen m\u00f6chte ist herzlich willkommen.<br>100 von 131 \u20ac pro Monat werden aktuell durch Patenschaften gedeckt.<\/p>\n\n\n\n<hr class=\"wp-block-separator has-alpha-channel-opacity\"\/>\n\n\n\n<p><strong>Update 06.10.2021:<\/strong><br>Zeus sucht nun schon seit fast 3,5 Jahren nach seinen Menschen. Er hat sich so klasse entwickelt und ist ein wirklich toller Hund geworden. Wer m\u00f6chte ihm endlich ein Zuhause geben?<br><br>Danke an seine Paten Daniela, Silvia und Petra!<\/p>\n\n\n\n<hr class=\"wp-block-separator has-alpha-channel-opacity\"\/>\n\n\n\n<p><strong>Update 10.05.2021:<\/strong><br>Bei Zeus sind wir mit einem Plus von 170 \u20ac ins neue Jahr gestartet und konnten dank unserer lieben Paten Daniela Broggini, Petra Dorn und Silvia Wiersch bis Ende April 2021 auch alle Kosten decken! An dieser Stelle noch einmal vielen herzlichen Dank an Euch!<br>Zeus wartet sehns\u00fcchtig auf sein F\u00fcr-Immer-Zuhause, bitte teilt ihn nochmal flei\u00dfig und macht auf ihn aufmerksam. Er ist vertr\u00e4glich mit H\u00fcndinnen und mit den meisten R\u00fcden ebenfalls. Zeus ist gesund und hat keinerlei Einschr\u00e4nkungen. Katzen hat er zum Fressen gern, die d\u00fcrfen also nicht in seinem neuen Zuhause sein.<\/p>\n\n\n\n<hr class=\"wp-block-separator has-alpha-channel-opacity\"\/>\n\n\n\n<p><strong>Update 25.11.2020:<\/strong><br>Dank der mega tollen Weihnachtsauktion von Nica M\u00fcller konnten wir Zeus r\u00fcckst\u00e4ndige Kosten ausgleichen und seine Pension bis einschl. 25.12.2020 bezahlen! Wir von Dogo in Not als auch Ana Karmelic sagen ganz herzlich Danke f\u00fcr diese Unterst\u00fctzung!<\/p>\n\n\n\n<hr class=\"wp-block-separator has-alpha-channel-opacity\"\/>\n\n\n\n<p><strong>Update 24.11.2020:<\/strong><br>Zeus wartet immernoch in Novi Sad auf sein F\u00dcR-IMMER Zuhause! Ihm geht es sehr gut und wir haben ein paar neue Fotos bekommen.<br>Wo sind denn nur seine Menschen?<br>Wer m\u00f6chte ihm die Chance auf ein sch\u00f6nes Leben geben?<br><br>Hier ist auch nochmal ein kleines Video von ihm:<br><a href=\"https:\/\/youtu.be\/S7fbYQLvF_I?fbclid=IwZXh0bgNhZW0CMTAAYnJpZBEwM3dqZ3Vsaldhb1dDVGNDVAEe_YOemxiG-WWdI6kDkL4dlF07Zy4g1HU0ZaWC2HACfntD4KUA_FnbyhN-Mf8_aem_S8Tuluj7jJG3P9htOfX-rQ\" target=\"_blank\" rel=\"noreferrer noopener\">https:\/\/youtu.be\/S7fbYQLvF_I<\/a><\/p>\n\n\n\n<hr class=\"wp-block-separator has-alpha-channel-opacity\"\/>\n\n\n\n<p><strong>Update 28.08.2020:<\/strong><br>Endlich haben wir mal wieder neue Fotos von Zeus! Er befindet sich jetzt seit \u00fcber einem Jahr in der neuen Pension und hat sich dort nochmal richtig gut entwickelt. Er ist weitestgehend mit allen Hunden dort vertr\u00e4glich und liebt es mit ihnen rumzutoben.<br>Zeus befindet sich jetzt seit Mai 2018 in der Obhut von Ana Karmelic. Langsam wird es Zeit dass er auch seine eigenen Menschen und ein sch\u00f6nes Zuhause findet! Bitte teilt ihn nochmal flei\u00dfig. Irgendwo da drau\u00dfen sind seine Menschen, sie m\u00fcssen ihn nur sehen!<br><br>Danke an Daniela Broggini, die bereits seit \u00fcber 2 Jahren seine Pensionskosten zahlt!<br><br>Und auch nochmal danke an Sis, die<br>genau 2 Jahre einen Teil seiner Futterkosten \u00fcbernommen hat.<br><br>Ohne Patenschaften k\u00f6nnten wir nicht an so vielen Stellen helfen!<\/p>\n\n\n\n<hr class=\"wp-block-separator has-alpha-channel-opacity\"\/>\n\n\n\n<p><strong>Update 29.04.2020:<\/strong><br>Unsere liebe Sonja Trailovic hat 200,00 \u20ac gespendet, die wir hier bei Zeus eingerechnet haben.<br>Ganz ganz lieben Dank daf\u00fcr Sonja!<br>Sis und Daniela sorgen weiterhin f\u00fcr seine Pension und einen Teil der Futterkosten. Auch Euch ein gro\u00dfes Dankesch\u00f6n!<\/p>\n\n\n\n<hr class=\"wp-block-separator has-alpha-channel-opacity\"\/>\n\n\n\n<p><strong>Update 15.03.2020:<\/strong><br>Zeus hat sich in der neuen Pension wirklich toll entwickelt. Mit H\u00fcndinnen kommt er mittlerweile gut zurecht und tobt f\u00fcr sein Leben gern.<br>Aolani (auch Dogo) und Marly Noelle (Pitbull) kann er wirklich gut leiden.<\/p>\n\n\n\n<p>Mit klaren Strukturen ist eben doch einiges m\u00f6glich.<\/p>\n\n\n\n<p>Wer m\u00f6chte Zeus ein Zuhause auf Lebenszeit geben?<\/p>\n\n\n\n<p>Hier sind wir leider mit 379,99 \u20ac im Minus! Wer also ein paar Euro er\u00fcbrigen kann, bitte Verwendungszweck &#8222;Zeus&#8220; angeben!<\/p>\n\n\n\n<hr class=\"wp-block-separator has-alpha-channel-opacity\"\/>\n\n\n\n<p><strong>Update 23.05.2019:<\/strong><br>Zeus ist Anfang Mai mit Hope und der neuen Dogoh\u00fcndin Aolani in eine andere Pension umgezogen, weil die vorherige leider zu gemacht hat.<br>Ihm gehts dort genauso gut wie vorher, aber auch er sucht noch nach seinen Menschen!<br><br>Wer traut sich zu diesem tollen R\u00fcden die Welt zu zeigen und mit ihm zu arbeiten?<br>Er ist bei anderen Hunden leider schwierig, aber nicht unkontrollierbar.<br><br>Zeus ist schon seit dem 25. Mai 2018 in Pension und wartet! Seither haben wir ihn mit fast 3200 \u20ac unterts\u00fctzt.<br>Seine Pensionspatin ist schon seit Februar abgesprungen.<br>M\u00f6chte hier vielleicht jemand einspringen?<br><br>Hier ist ein aktuelles Video von heute:<br>Bei Aolani macht er eine Ausnahme.<br><a href=\"https:\/\/youtu.be\/4ckoooW7gPE?fbclid=IwZXh0bgNhZW0CMTAAYnJpZBEwM3dqZ3Vsaldhb1dDVGNDVAEe9GRQXhx3JuT66ghGfvYl6jDtryEakEdGwKr8N1mcRdrMBLTp_ZYjn4jUoFo_aem_AofpHpdMc8PXGV2YGWmksw\" target=\"_blank\" rel=\"noreferrer noopener\">https:\/\/youtu.be\/4ckoooW7gPE<\/a><\/p>\n\n\n\n<hr class=\"wp-block-separator has-alpha-channel-opacity\"\/>\n\n\n\n<p><strong>Update 28.03.2019:<\/strong><br>Aus der Spendenaktion &#8222;Experiment&#8220; haben wir 200 \u20ac f\u00fcr Zeus verwendet.<br>(Gesamt 820 \u20ac auf Zeus, Nakoa, Amon, Kalani und Lara aufgeteilt)<\/p>\n\n\n\n<hr class=\"wp-block-separator has-alpha-channel-opacity\"\/>\n\n\n\n<p><strong>Update 03.03.2019:<\/strong><br>Zeus Futter wird weiterhin von seiner Patin Sis finanziert! Danke Dir!<\/p>\n\n\n\n<hr class=\"wp-block-separator has-alpha-channel-opacity\"\/>\n\n\n\n<p><strong>Update 30.01.2019:<\/strong><br>Zeus sucht weiterhin einen Einzelplatz wo man ihm die Welt zeigen wird. Er hat gut zugenommen und h\u00e4lt nun Dank dem Extrafutter auch sein Gewicht. Er liebt es mit dem Menschen zu Knuddeln, nur mit Hunden ist er weiterhin schwierig.<br><br>Erneut danke an seine Paten Candice und Daniela! Seine Kosten sind bis 25.02.2019 gedeckt!<\/p>\n\n\n\n<hr class=\"wp-block-separator has-alpha-channel-opacity\"\/>\n\n\n\n<p><strong>Update 10.10.2018:<\/strong><br>Zeus wird auch bereits ausreisefertig gemacht! Es fehlt nur noch das passende F\u00dcR-IMMER-ZUHAUSE!<br>Wer m\u00f6chte ihn zum Einzelprinz machen und ihm die Welt zeigen?<br><br>Mit Zeus wird flei\u00dfig gearbeitet. Er hat in der Zwischenzeit einige andere Hunde kennengelernt und wir hoffen dass sein Verhalten sich noch bessert.<\/p>\n\n\n\n<hr class=\"wp-block-separator has-alpha-channel-opacity\"\/>\n\n\n\n<p><strong>Update 30.07.2018:<\/strong><br>Zeus zeigt sich leider unvertr\u00e4glich und macht auch keinen Unterschied zwischen R\u00fcden und H\u00fcndinnen.<br>F\u00fcr ihn wird ein Einzelplatz gesucht!<br>Danke nochmal an seine Paten Sis Fergy Ferguson und Daniela Broggini!<br><br>Wer m\u00f6chte ihm ein Zuhuase geben?<br><br>Hier noch ein Video von ihm:<br><a href=\"https:\/\/youtu.be\/mwt1FYwWJrE?fbclid=IwZXh0bgNhZW0CMTAAYnJpZBEwM3dqZ3Vsaldhb1dDVGNDVAEeUJV2NbcDRfBZC059BPHAo3bTn_63-fTNE_MfhRjuIeNBy4G999a5ccW10GM_aem_6KAK-nsjga79vMsxLgQ1Pw\" target=\"_blank\" rel=\"noreferrer noopener\">https:\/\/youtu.be\/mwt1FYwWJrE<\/a><\/p>\n\n\n\n<hr class=\"wp-block-separator has-alpha-channel-opacity\"\/>\n\n\n\n<p><strong>Update 02.07.2018:<\/strong><br>Zeus wird weiterhin gut aufgep\u00e4ppelt in der Pension! Er konnte die Klinik schonwieder verlassen.<br>Die Behandlung und das zus\u00e4tzliche Futter haben jetzt schlappe 741 \u20ac gekostet. Wir verzweifeln langsam ein wenig bei den Kosten.<\/p>\n\n\n\n<p>Wer m\u00f6chte ihm ein Zuhause geben?<br>Er wurde auf ca. 3 Jahre gesch\u00e4tzt. (*07\/2015)<\/p>\n\n\n\n<hr class=\"wp-block-separator has-alpha-channel-opacity\"\/>\n\n\n\n<p><strong>Update 22.06.2018:<\/strong><br>Zeus scheint sich wieder zu erholen. Der Schnelltest f\u00fcr Staupe war erneut negativ, trotzdem zeigte er Symptome. Er hustet zwar noch hin und wieder, aber es geht ihm besser.<\/p>\n\n\n\n<hr class=\"wp-block-separator has-alpha-channel-opacity\"\/>\n\n\n\n<p><strong>Update 19.06.2018:<\/strong><br>Zeus ist gestern mit Verdacht auf Staupe wieder in die Klinik gebracht worden. Er bekommt nun f\u00fcr 3 Tage Serum und Antibiotika.<br>Die offenen 25,97 \u20ac hat Sonja noch \u00fcbernommen. Eine neue Rechnung wird ja bald kommen.<\/p>\n\n\n\n<p>Bitte alle Daumen dr\u00fccken!<\/p>\n\n\n\n<hr class=\"wp-block-separator has-alpha-channel-opacity\"\/>\n\n\n\n<p><strong>Update 18.06.2018:<\/strong><br>Zeus ist in schon die Pension umgesiedelt und erholt sich dort zusehends.<br>Hier ein Video, damit ihr sehen k\u00f6nnt wie er nach der OP l\u00e4uft!<br><a href=\"https:\/\/www.youtube.com\/watch?v=492_mEhq_ew\" data-type=\"link\" data-id=\"https:\/\/www.youtube.com\/watch?v=492_mEhq_ew\">https:\/\/www.youtube.com\/watch?v=492_mEhq_ew<\/a><br><br>Bis auf 25,97 \u20ac sind auch seine Kosten gedeckt! Danke an alle Unterst\u00fctzer!<\/p>\n\n\n\n<hr class=\"wp-block-separator has-alpha-channel-opacity\"\/>\n\n\n\n<p><strong>Update 05.06.2018:<\/strong><br>Zeus hat seine TTA OP gut \u00fcberstanden und kann sich jetzt erholen und Kr\u00e4fte sammeln.<br><br>Wer m\u00f6chte ihm ein Zuhause geben?<\/p>\n\n\n\n<hr class=\"wp-block-separator has-alpha-channel-opacity\"\/>\n\n\n\n<p><strong>Einstellungstext 28.05.2018:<\/strong><br>Zeus wurde zwischen Novi Sad und Ruma in Serbien gefunden. Er ist in einer wirklich schlechten Verfassung. Er hat offene Wunden, ist total abgemagert und kann nicht auf seinem Hinterbein stehen.<br><br>Ana eine Tiersch\u00fctzerin vor Ort brachte ihn in die Family Vet Klinik in Novi Sad damit er behandelt werden kann.<br><br>Er wurde u.a. ger\u00f6ngt und direkt kastriert. Nat\u00fcrlich wurde auch Blut abgenommen.<br>Jetzt muss er aufgep\u00e4ppelt werden und dazu braucht Ana unsere Hilfe.<br>Die Klinkrechnung bel\u00e4uft sich aktuell auf 400 \u20ac. Beim R\u00f6ntgen zeigte sich ein Kreuzbandriss, somit ben\u00f6tigt er dringend eine TTA (Knie-\/Kreuzband OP).<br>Diese wird voraussichtlich ca. 700 \u20ac kosten.<\/p>\n\n\n\n<hr class=\"wp-block-separator has-alpha-channel-opacity\"\/>\n\n\n\n<p>Kontakt f\u00fcr Adoptionsanfragen:<br>Ana Karmelic<br><br>Bitte schreibt uns an, wir geben Euch Anas Handynummer!<\/p>\n","protected":false},"excerpt":{"rendered":"<p>Update 14.10.2025: Ein weitere Pate wurde gefunden! Danke f\u00fcrs flei\u00dfige Teilen und die Anteilnahme an seinem Schicksal. Hier findet ihr sein Album mit allen Fotos und der Spendenauflistung:https:\/\/www.facebook.com\/media\/set\/?set=a.1530533773735719&amp;type=3 Update 10.10.2025:Zeus Unkosten sind bis Ende Oktober gedeckt! Danke nochmal an alle Spender! Trotzdem suchen wir noch einen weiteren Paten, damit seine laufenden monatlichen Kosten gedeckt werden [&hellip;]<\/p>\n","protected":false},"author":1,"featured_media":0,"parent":117,"menu_order":1,"comment_status":"closed","ping_status":"closed","template":"","meta":{"footnotes":""},"class_list":["post-73","page","type-page","status-publish","hentry"],"_links":{"self":[{"href":"https:\/\/www.dogo-in-not.de\/index.php\/wp-json\/wp\/v2\/pages\/73","targetHints":{"allow":["GET"]}}],"collection":[{"href":"https:\/\/www.dogo-in-not.de\/index.php\/wp-json\/wp\/v2\/pages"}],"about":[{"href":"https:\/\/www.dogo-in-not.de\/index.php\/wp-json\/wp\/v2\/types\/page"}],"author":[{"embeddable":true,"href":"https:\/\/www.dogo-in-not.de\/index.php\/wp-json\/wp\/v2\/users\/1"}],"replies":[{"embeddable":true,"href":"https:\/\/www.dogo-in-not.de\/index.php\/wp-json\/wp\/v2\/comments?post=73"}],"version-history":[{"count":4,"href":"https:\/\/www.dogo-in-not.de\/index.php\/wp-json\/wp\/v2\/pages\/73\/revisions"}],"predecessor-version":[{"id":97,"href":"https:\/\/www.dogo-in-not.de\/index.php\/wp-json\/wp\/v2\/pages\/73\/revisions\/97"}],"up":[{"embeddable":true,"href":"https:\/\/www.dogo-in-not.de\/index.php\/wp-json\/wp\/v2\/pages\/117"}],"wp:attachment":[{"href":"https:\/\/www.dogo-in-not.de\/index.php\/wp-json\/wp\/v2\/media?parent=73"}],"curies":[{"name":"wp","href":"https:\/\/api.w.org\/{rel}","templated":true}]}}