{"id":98,"date":"2025-10-14T16:45:38","date_gmt":"2025-10-14T14:45:38","guid":{"rendered":"https:\/\/www.dogo-in-not.de\/?page_id=98"},"modified":"2025-10-14T16:46:33","modified_gmt":"2025-10-14T14:46:33","slug":"srb-mauro-ruede-01-2016","status":"publish","type":"page","link":"https:\/\/www.dogo-in-not.de\/index.php\/notfaelle-rueden\/serbien\/srb-mauro-ruede-01-2016\/","title":{"rendered":"[SRB] Mauro, R\u00fcde, *~01\/2016"},"content":{"rendered":"\n<p><strong>Update 11.10.2025:<\/strong><br>Mauro wartet auch bereits seit 2018 auf ein Zuhause in dem er endlich ankommen darf und geliebt wird.<br><br>Da er kupiert und unvertr\u00e4glich ist, hat das wohl im Laufe der Jahre einige Interessenten abgeschreckt.<br><br>Leider baut der alte Herr immer mehr ab und ihm wird das eigene Zuhause wohl nicht mehr verg\u00f6nnt sein. Trotzdem tun wir alles, damit er seinen Lebensabend umsorgt und sicher verbringen darf.<br><br>Bei Mauro sind im Laufe der Jahre trotz eines Paten und vieler Spender enorme Kosten aufgelaufen.<br><br>Aktuell sind wir hier mit 3386,37 im <strong>Minus <\/strong>und er befindet sich aktuell wieder in tier\u00e4rztlicher Behandlung.<\/p>\n\n\n\n<p>Hier findet ihr sein Album mit allen Fotos und der Spendenauflistung:<\/p>\n\n\n\n<p><a href=\"https:\/\/www.facebook.com\/media\/set\/?set=a.1544927535629676&amp;type=3\">https:\/\/www.facebook.com\/media\/set\/?set=a.1544927535629676&amp;type=3<\/a><\/p>\n\n\n\n<hr class=\"wp-block-separator has-alpha-channel-opacity\"\/>\n\n\n\n<p><strong><strong><strong>Update <\/strong><\/strong>07.11.2023:<\/strong><br>Mauro ist inzwischen alt geworden, aber es geht ihm gut. Es ist einfach nur traurig dass auch er zu den Hunden geh\u00f6ren wird, die nicht mehr erfahren d\u00fcrfen was es heisst ein eigenes Zuhause zu haben.<\/p>\n\n\n\n<p>Er liebt es auf der Wiese zu rennen und seine Aggression anderen Hunden gegen\u00fcber ist etwas besser geworden im Laufe der Zeit.<\/p>\n\n\n\n<p>Wer m\u00f6chte Mauro auf seine alten Tage noch einen Platz bieten?!<\/p>\n\n\n\n<p>Auch bei Mauro sind wir im Laufe der Jahre trotz Paten in ein gro\u00dfes Minus von -2580,38 \u20ac gerutscht.<\/p>\n\n\n\n<hr class=\"wp-block-separator has-alpha-channel-opacity\"\/>\n\n\n\n<p><strong><strong><strong>Update <\/strong><\/strong>06.10.2021:<\/strong><br>Mauro wartet mittlerweile seit \u00fcber 3 Jahren auf sein endg\u00fcltiges Zuhause. Warum interessiert sich niemand f\u00fcr diesen tollen Dogo?<br><br>Danke an seinen Paten Sven Christian, der immer an seiner Seite steht, auch wenn Ana nur sehr unregelm\u00e4\u00dfig Updates schickt.<\/p>\n\n\n\n<hr class=\"wp-block-separator has-alpha-channel-opacity\"\/>\n\n\n\n<p><strong><strong>Update <\/strong>01.12.2020:<\/strong><br>Mauro ist in die Pension zu Stefan umgezogen, wo er mehr Kontakt zu anderen Hunden haben kann. Dank unseres Paten Sven Christian Kollert sind all seine Kosten gedeckt und er hat noch zus\u00e4tzlich Spielzeug und Knabberzeug bekommen.<br>Mauro ist ausreisefertig und hat alle notwendigen Papiere f\u00fcr die Einreise in die EU. Jetzt muss sich nur noch das passende Zuhause finden.<br>Er hat sich so toll entwickelt, ist gesund und m\u00f6chte endlich ankommen.<\/p>\n\n\n\n<hr class=\"wp-block-separator has-alpha-channel-opacity\"\/>\n\n\n\n<p><strong>Update 31.08.2020:<\/strong><br>Wo sind nur Deine Menschen Mauro?<br>Seit Juni 2018 ist er in der Obhut von Ana Karmelic und wartet auf ein sch\u00f6nes Zuhause. Sein Pate Sven Christian Kollert tr\u00e4gt jetzt seit Februar 2019 seine gesamten Kosten! Wir k\u00f6nnen gar nicht oft genug DANKE daf\u00fcr sagen! Bitte teilt Mauro nochmal kr\u00e4ftig, damit auch er endlich eine Familie findet!<\/p>\n\n\n\n<hr class=\"wp-block-separator has-alpha-channel-opacity\"\/>\n\n\n\n<p><strong>Update 28.04.2020:<\/strong><br>Und schonwieder ist ein Monat vergangen und niemand interessiert sich f\u00fcr den tollen Kerl.<br>Dank seinem Paten Sven Christian Kollert sind seine laufenden Kosten gedeckt, allerdings ben\u00f6tigt Mauro endlich ein Zuhause in dem er ankommen darf und geliebt wird!<br>Es wird weiterhin ein Zuhause gesucht wo er Einzelprinz sein darf.<br><br>Bitte teilt den Burschen nochmal kr\u00e4ftig, vielleicht schaut gerade sein Deckelchen hier vorbei?!<br><br>Kontakt f\u00fcr Adoptionsanfragen:<br>Ana Karmelic<br>Bitte schreibt uns an, wir geben Euch Anas Handynummer!<\/p>\n\n\n\n<hr class=\"wp-block-separator has-alpha-channel-opacity\"\/>\n\n\n\n<p><strong>Update 25.03.2020:<\/strong><br>Mauro wartet immernoch auf seine Menschen. Warum findet sich da drau\u00dfen niemand der ihm ein Zuhause geben m\u00f6chte wo er Einzelprinz ist?<br><br>Danke Sven Christian Kollert dass Du ihm das Leben in der Pension dauerhaft erm\u00f6glichst\/finanzierst!<br><br>Bitte bitte teilt Mauro und h\u00f6rt Euch um, damit auch er irgendwann sein Deckelchen findet!<br><br>Kontakt f\u00fcr Adoptionsanfragen:<br>Ana Karmelic<br>Bitte schreibt uns an, wir geben Euch Anas Handynummer!<\/p>\n\n\n\n<hr class=\"wp-block-separator has-alpha-channel-opacity\"\/>\n\n\n\n<p><strong>Update 20.12.2019:<\/strong><br>Mauro ist ein wundersch\u00f6ner Dogo Argentino, der leider mit seinen kupierten Ohren nicht in die Schweiz oder nach \u00d6sterreich darf.<br>Er sucht weiterhin ein Zuhause. Wer m\u00f6chte ihm die Welt zeigen?<br>Mit H\u00fcndinnen l\u00e4sst er sich mittlerweile gut h\u00e4ndeln.<br><br>Kontakt f\u00fcr Adoptionsanfragen:<br>Ana Karmelic<br>Bitte schreibt uns an, wir geben Euch Anas Handynummer!<br><br>Mauro wird \u00fcbrigens immernoch komplett von Sven Christian Kollert finanziert!<\/p>\n\n\n\n<hr class=\"wp-block-separator has-alpha-channel-opacity\"\/>\n\n\n\n<p><strong>Update 29.09.2019:<\/strong><br>Mauro wartet leider immernoch auf seine Menschen. Auch bei ihm tut sich aktuell gar nichts. Keine einzige Anfrage bisher f\u00fcr ihn.<br>Dabei hat er sich so toll entwickelt und ist ein wundersch\u00f6ner Dogo R\u00fcde geworden.<br>Man sieht ihm deutlich an wie gut er sich erholt hat und wie sehr er das Leben genie\u00dft.<br>Wir m\u00f6chten an dieser Stelle nochmal ein ganz herzliches Dankesch\u00f6n an seinen Paten Sven Christian Kollert aussprechen.<br>Schon seit Anfang des Jahres tr\u00e4gt er die gesamten Pensions- und Futterkosten f\u00fcr Mauro!<br>Mauro sucht weiterhin einen Einzelplatz, da er nicht vertr\u00e4glich ist. Au\u00dferdem w\u00fcrde er Katzen und Kleintiere jagen.<br><br>Wo sind seine Menschen? Wer m\u00f6chte ihm eine Chance geben?<br><br>Kontakt f\u00fcr Adoptionsanfragen:<br>Ana Karmelic<br>Bitte schreibt uns an, wir geben Euch Anas Handynummer!<\/p>\n\n\n\n<hr class=\"wp-block-separator has-alpha-channel-opacity\"\/>\n\n\n\n<p>Update 28.06.2019:<br>Mauro sucht weiterhin seine Menschen und wartet immernoch auf ein F\u00fcr-immer Zuhause! Wo sind seine Menschen, die keine anderen Tiere im Haushalt haben und sich der Verantwortung bewusst sind? Mauro ist weiterhin schwierig im Umgang mit anderen Hunden und er mag leider \u00fcberhaupt keine R\u00fcden und zeigt das auch deutlich.<br>Daf\u00fcr ist er mit Menschen und auch mit Kindern v\u00f6llig problemlos.<br><br>Hier ein kleines Video von ihm von Anfang der Woche:<br><a href=\"https:\/\/www.youtube.com\/watch?v=HJfFGDdyE6o\">https:\/\/www.youtube.com\/watch?v=HJfFGDdyE6o<\/a><\/p>\n\n\n\n<hr class=\"wp-block-separator has-alpha-channel-opacity\"\/>\n\n\n\n<p><strong>Update 11.03.2019:<\/strong><br>Mauro geht es gut und er hat gut zugenommen. Jetzt sieht er richtig gut aus und ist gesund. Er ist absolut toll mit Menschen, auch mit Kindern und liebt es zu kuscheln, gestreichelt zu werden und zu spielen. Vor Ort wird noch an seiner Sozialisation mit anderen Hunden gearbeitet.<br>Er ist nicht v\u00f6llig au\u00dfer Kontrolle, zeigt aber schon deutliche Anzeichen von Aggression bei anderen Hunden. Katzen mag er \u00fcberhaupt nicht.<br>Mauro l\u00e4uft gut an der Leine.<br>&#8212;<br>Mauro is doing fine, he get on his weight. So now looking really good. He is perfectlly healthy. He is GREAT with people and kids. Adores to cuddle and to play. we are working hard on his socialization with other dogs. Soon we will make test with one female to check his behaviour. He is not agressive without control, but shows signs of agression. Cats he doesnt like. He knows how to walk on leash.<\/p>\n\n\n\n<hr class=\"wp-block-separator has-alpha-channel-opacity\"\/>\n\n\n\n<p><strong>Update 03.03.2019:<\/strong><br>Sven hat f\u00fcr Mauro f\u00fcr die n\u00e4chsten 6 Monate eine Patenschaft f\u00fcr seine laufenden Pensions- und Futterkosten \u00fcbernommen!<br>Wir und Mauro sagen danke!<\/p>\n\n\n\n<hr class=\"wp-block-separator has-alpha-channel-opacity\"\/>\n\n\n\n<p><strong>Update 05.02.2019<\/strong><br>Dank Sven-Christian Kollert konnte das Minus ausgeglichen und die aktuellen Kosten gedeckt werden.<br>Mauro ist bis 02.03.2019 save.<\/p>\n\n\n\n<hr class=\"wp-block-separator has-alpha-channel-opacity\"\/>\n\n\n\n<p><strong>Update 30.01.2019<\/strong><br>Mauro ist reisefertig und wartet nur noch auf seinen passenden Sofaplatz! Wer m\u00f6chte ihm ein F\u00fcr-Immer-Zuhause geben?<br><br>Bei Mauro sind wir bei 60,53 \u20ac im <strong>MINUS <\/strong>und die neuen Pensions- und Futterkosten sind f\u00e4llig.<\/p>\n\n\n\n<hr class=\"wp-block-separator has-alpha-channel-opacity\"\/>\n\n\n\n<p><strong>Update 06.08.2018:<\/strong><br>Hier nochmal ein kurzes Video wie Mauro aktuell aussieht:<br><a href=\"https:\/\/www.youtube.com\/watch?v=IeNBScVvmF4\">https:\/\/www.youtube.com\/watch?v=IeNBScVvmF4<\/a><br><br>Wer m\u00f6chte ihm ein Zuhause geben?<\/p>\n\n\n\n<hr class=\"wp-block-separator has-alpha-channel-opacity\"\/>\n\n\n\n<p><strong>Update 13.07.2018:<\/strong><br>Neue Fotos von Mauro&#8230;. ist er nicht ein wunderh\u00fcbscher Dogo? Wer m\u00f6chte ihm einen Sofaplatz f\u00fcr immer bieten?!<br>Der Vet sch\u00e4tzt ihn auf ca. 2,5 Jahre.<\/p>\n\n\n\n<figure class=\"wp-block-gallery has-nested-images columns-default is-cropped wp-block-gallery-1 is-layout-flex wp-block-gallery-is-layout-flex\">\n<figure class=\"wp-block-image size-large\"><img fetchpriority=\"high\" decoding=\"async\" width=\"768\" height=\"1024\" data-id=\"99\" src=\"https:\/\/www.dogo-in-not.de\/wp-content\/uploads\/2025\/10\/mauro3-768x1024.jpg\" alt=\"\" class=\"wp-image-99\" srcset=\"https:\/\/www.dogo-in-not.de\/wp-content\/uploads\/2025\/10\/mauro3-768x1024.jpg 768w, https:\/\/www.dogo-in-not.de\/wp-content\/uploads\/2025\/10\/mauro3-225x300.jpg 225w, https:\/\/www.dogo-in-not.de\/wp-content\/uploads\/2025\/10\/mauro3.jpg 960w\" sizes=\"(max-width: 768px) 100vw, 768px\" \/><\/figure>\n\n\n\n<figure class=\"wp-block-image size-large\"><img decoding=\"async\" width=\"768\" height=\"1024\" data-id=\"100\" src=\"https:\/\/www.dogo-in-not.de\/wp-content\/uploads\/2025\/10\/mauro2-768x1024.jpg\" alt=\"\" class=\"wp-image-100\" srcset=\"https:\/\/www.dogo-in-not.de\/wp-content\/uploads\/2025\/10\/mauro2-768x1024.jpg 768w, https:\/\/www.dogo-in-not.de\/wp-content\/uploads\/2025\/10\/mauro2-225x300.jpg 225w, https:\/\/www.dogo-in-not.de\/wp-content\/uploads\/2025\/10\/mauro2.jpg 960w\" sizes=\"(max-width: 768px) 100vw, 768px\" \/><\/figure>\n\n\n\n<figure class=\"wp-block-image size-large\"><img decoding=\"async\" width=\"768\" height=\"1024\" data-id=\"101\" src=\"https:\/\/www.dogo-in-not.de\/wp-content\/uploads\/2025\/10\/mauro1-768x1024.jpg\" alt=\"\" class=\"wp-image-101\" srcset=\"https:\/\/www.dogo-in-not.de\/wp-content\/uploads\/2025\/10\/mauro1-768x1024.jpg 768w, https:\/\/www.dogo-in-not.de\/wp-content\/uploads\/2025\/10\/mauro1-225x300.jpg 225w, https:\/\/www.dogo-in-not.de\/wp-content\/uploads\/2025\/10\/mauro1.jpg 960w\" sizes=\"(max-width: 768px) 100vw, 768px\" \/><\/figure>\n<\/figure>\n\n\n\n<hr class=\"wp-block-separator has-alpha-channel-opacity\"\/>\n\n\n\n<p><strong>Update 02.07.2018:<\/strong><br>Mauro wurde gegen Staupe und Parvo geimpft. Ihm geht es zusehends besser! <br>Die neue Vetrechnung kommt noch.<\/p>\n\n\n\n<hr class=\"wp-block-separator has-alpha-channel-opacity\"\/>\n\n\n\n<p><strong>Update 22.06.2018:<\/strong><br>Mauro erholt sich gut von seiner OP.<\/p>\n\n\n\n<hr class=\"wp-block-separator has-alpha-channel-opacity\"\/>\n\n\n\n<p><strong>Update 19.06.2018<\/strong><br>Dank unserer Ni Ma und einer Blitzauktion sind die Kosten gedeckt und Dank der lieben Nina sind wir ein bi\u00dfchen im Plus.<\/p>\n\n\n\n<hr class=\"wp-block-separator has-alpha-channel-opacity\"\/>\n\n\n\n<p><strong>Update 18.06.2018<\/strong><br>Mauros Kosten sind bis auf 17,93 \u20ac soweit gedeckt. <\/p>\n\n\n\n<hr class=\"wp-block-separator has-alpha-channel-opacity\"\/>\n\n\n\n<p><strong>Update 15.06.2018:<\/strong><br>Mauro hat die OP gut \u00fcberstanden. Es wurden sogar 2 Tumore entfernt und er wurde direkt kastriert.<br>Die Rechnung f\u00fcr die OP bel\u00e4uft sich erneut auf 140 \u20ac. Ana hat bereits f\u00fcr neue Fotos angefragt.<br><br>Wir ben\u00f6tigen also noch 233,00 \u20ac um seine Kosten zu decken!<br><br>Wer m\u00f6chte dem Kerl ein tolles Zuhause geben?<\/p>\n\n\n\n<hr class=\"wp-block-separator has-alpha-channel-opacity\"\/>\n\n\n\n<p><strong>Update 11.06.2018:<\/strong><br>Mauros Transportkosten haben wir durch die Namensauktion bereits fast schonwieder drin, allerdings betr\u00e4gt seine erste Vetrechnung ebenfalls 140 \u20ac und Mauro wird heute bereits operiert. Der Tumor wird entfernt. Die OP Kosten kommen noch oben drauf.<\/p>\n\n\n\n<hr class=\"wp-block-separator has-alpha-channel-opacity\"\/>\n\n\n\n<p><strong>Update 07.06.2018:<\/strong><br>Mauro geht es gut in der Klinik. <\/p>\n\n\n\n<hr class=\"wp-block-separator has-alpha-channel-opacity\"\/>\n\n\n\n<p><strong>Update 06.06.2018:<\/strong><br>Der wundersch\u00f6ne Dogobub hat von Nadja Bucceri, Kristina Petzold und Sonja Haamann den wundervollen Namen Mauro bekommen. Durch die Namensauktion kamen 120 \u20ac f\u00fcr ihn zusammen!<\/p>\n\n\n\n<hr class=\"wp-block-separator has-alpha-channel-opacity\"\/>\n\n\n\n<p><strong>Update 02.06.2018:<\/strong><br>Der noch namenlose Schatz wurde von einem Mitarbeiter der Klinik in Novi Sad geholt und er wurde bereits medizinisch versorgt. Es geht ihm soweit gut, allerdings hat er einen kleinen Tumor der entfernt werden muss.<\/p>\n\n\n\n<hr class=\"wp-block-separator has-alpha-channel-opacity\"\/>\n\n\n\n<p><strong>Einstellungstext 01.06.2018:<\/strong><br>Dieser Dogo wurde in IVANJICA in Serbien auf der Stra\u00dfe gefunden. Er suchte an einem M\u00fcllcontainer vermutlich nach etwas Essbarem. Er ist sehr d\u00fcnn, voller Ungeziefer. Ana hat sich ihm angenommen. Es werden 140 \u20ac f\u00fcr den Transport nach Novi Sad ben\u00f6tigt.<\/p>\n\n\n\n<hr class=\"wp-block-separator has-alpha-channel-opacity\"\/>\n\n\n\n<p>Kontakt f\u00fcr Adoptionsanfragen:<br>Ana Karmelic<br><br>Bitte schreibt uns an, wir geben Euch Anas Handynummer!<\/p>\n","protected":false},"excerpt":{"rendered":"<p>Update 11.10.2025:Mauro wartet auch bereits seit 2018 auf ein Zuhause in dem er endlich ankommen darf und geliebt wird. Da er kupiert und unvertr\u00e4glich ist, hat das wohl im Laufe der Jahre einige Interessenten abgeschreckt. Leider baut der alte Herr immer mehr ab und ihm wird das eigene Zuhause wohl nicht mehr verg\u00f6nnt sein. Trotzdem [&hellip;]<\/p>\n","protected":false},"author":1,"featured_media":0,"parent":117,"menu_order":0,"comment_status":"closed","ping_status":"closed","template":"","meta":{"footnotes":""},"class_list":["post-98","page","type-page","status-publish","hentry"],"_links":{"self":[{"href":"https:\/\/www.dogo-in-not.de\/index.php\/wp-json\/wp\/v2\/pages\/98","targetHints":{"allow":["GET"]}}],"collection":[{"href":"https:\/\/www.dogo-in-not.de\/index.php\/wp-json\/wp\/v2\/pages"}],"about":[{"href":"https:\/\/www.dogo-in-not.de\/index.php\/wp-json\/wp\/v2\/types\/page"}],"author":[{"embeddable":true,"href":"https:\/\/www.dogo-in-not.de\/index.php\/wp-json\/wp\/v2\/users\/1"}],"replies":[{"embeddable":true,"href":"https:\/\/www.dogo-in-not.de\/index.php\/wp-json\/wp\/v2\/comments?post=98"}],"version-history":[{"count":2,"href":"https:\/\/www.dogo-in-not.de\/index.php\/wp-json\/wp\/v2\/pages\/98\/revisions"}],"predecessor-version":[{"id":104,"href":"https:\/\/www.dogo-in-not.de\/index.php\/wp-json\/wp\/v2\/pages\/98\/revisions\/104"}],"up":[{"embeddable":true,"href":"https:\/\/www.dogo-in-not.de\/index.php\/wp-json\/wp\/v2\/pages\/117"}],"wp:attachment":[{"href":"https:\/\/www.dogo-in-not.de\/index.php\/wp-json\/wp\/v2\/media?parent=98"}],"curies":[{"name":"wp","href":"https:\/\/api.w.org\/{rel}","templated":true}]}}